{"id":767,"date":"2026-02-07T15:47:07","date_gmt":"2026-02-07T15:47:07","guid":{"rendered":"https:\/\/ostlaw.rs\/?page_id=767"},"modified":"2026-03-28T12:24:43","modified_gmt":"2026-03-28T12:24:43","slug":"kristina-single-page","status":"publish","type":"page","link":"https:\/\/ostlaw.rs\/index.php\/kristina-single-page\/","title":{"rendered":"KRISTINA STEPANOVI\u0106"},"content":{"rendered":"<p>[et_pb_section fb_built=&#8221;1&#8243; _builder_version=&#8221;4.20.4&#8243; _module_preset=&#8221;default&#8221; background_image=&#8221;https:\/\/ostlaw.rs\/wp-content\/uploads\/2026\/01\/be-law-hp-hero.jpg&#8221; global_colors_info=&#8221;{}&#8221;][et_pb_row _builder_version=&#8221;4.20.4&#8243; _module_preset=&#8221;default&#8221; global_colors_info=&#8221;{}&#8221;][et_pb_column type=&#8221;4_4&#8243; _builder_version=&#8221;4.20.4&#8243; _module_preset=&#8221;default&#8221; global_colors_info=&#8221;{}&#8221;][et_pb_code module_class=&#8221;hero-title-col&#8221; _builder_version=&#8221;4.20.4&#8243; _module_preset=&#8221;default&#8221; global_colors_info=&#8221;{}&#8221;]<\/p>\n<div class=\"page-hero-title\"><!-- [et_pb_line_break_holder] -->  <\/p>\n<div class=\"page-hero-title__inner\"><!-- [et_pb_line_break_holder] -->    <\/p>\n<h1>Kristina Stepanovi\u0107<\/h1>\n<p><!-- [et_pb_line_break_holder] -->  <\/div>\n<p><!-- [et_pb_line_break_holder] --><\/div>\n<p><!-- [et_pb_line_break_holder] -->[\/et_pb_code][\/et_pb_column][\/et_pb_row][\/et_pb_section][et_pb_section fb_built=&#8221;1&#8243; _builder_version=&#8221;4.20.4&#8243; _module_preset=&#8221;default&#8221; global_colors_info=&#8221;{}&#8221;][et_pb_row column_structure=&#8221;1_2,1_2&#8243; _builder_version=&#8221;4.20.4&#8243; _module_preset=&#8221;default&#8221; global_colors_info=&#8221;{}&#8221;][et_pb_column type=&#8221;1_2&#8243; _builder_version=&#8221;4.20.4&#8243; _module_preset=&#8221;default&#8221; global_colors_info=&#8221;{}&#8221;][et_pb_image src=&#8221;https:\/\/ostlaw.rs\/wp-content\/uploads\/2026\/02\/Copy-of-890A1862-1-scaled.jpg&#8221; title_text=&#8221;Copy of 890A1862&#8243; _builder_version=&#8221;4.20.4&#8243; _module_preset=&#8221;default&#8221; global_colors_info=&#8221;{}&#8221;][\/et_pb_image][\/et_pb_column][et_pb_column type=&#8221;1_2&#8243; _builder_version=&#8221;4.20.4&#8243; _module_preset=&#8221;default&#8221; global_colors_info=&#8221;{}&#8221;][et_pb_text _builder_version=&#8221;4.20.4&#8243; _module_preset=&#8221;default&#8221; global_colors_info=&#8221;{}&#8221;]<\/p>\n<p><strong>Kristina Stepanovi\u0107 je advokatski pripravnik u advokatskoj kancelariji Ost&amp;Lav.<\/strong><\/p>\n<p><span style=\"font-weight: 400;\">U okviru dosada\u0161njeg rada u kancelariji bavila se predmetima iz oblasti privrednog i gra\u0111anskog prava, uklju\u010duju\u0107i izradu i analizu ugovora i transakcija, pripremu podnesaka i druge prate\u0107e pravne dokumentacije, kao i aktivnosti vezane za zastupanje klijenata i prisustvo na sudskim ro\u010di\u0161tima.<br \/><\/span><span style=\"font-weight: 400;\"><br \/><\/span><span style=\"font-weight: 400;\">U svakodnevnom radu upoznala se sa razli\u010ditim aspektima poslovanja privrednih dru\u0161tava i prakti\u010dnim pitanjima gra\u0111anskog prava, \u0161to joj omogu\u0107ava da aktivno u\u010destvuje u svim fazama rada na predmetima kancelarije.<\/span><\/p>\n<p><span style=\"font-weight: 400;\">Osnovne akademske studije zavr\u0161ila je na Pravnom fakultetu Univerziteta u Beogradu, gde je trenutno student master akademskih studija.<\/span><span style=\"font-weight: 400;\"><br \/><\/span><span style=\"font-weight: 400;\"><br \/>\u010clan je tima advokatske kancelarije OST&amp;LAV od novembra 2024. Godine.<\/span><\/p>\n<p>[\/et_pb_text][\/et_pb_column][\/et_pb_row][\/et_pb_section][et_pb_section fb_built=&#8221;1&#8243; _builder_version=&#8221;4.20.4&#8243; _module_preset=&#8221;default&#8221; background_color=&#8221;#002348&#8243; custom_padding=&#8221;||0px||false|false&#8221; global_colors_info=&#8221;{}&#8221;][et_pb_row column_structure=&#8221;1_2,1_2&#8243; _builder_version=&#8221;4.20.4&#8243; _module_preset=&#8221;default&#8221; custom_padding=&#8221;||50px||false|false&#8221; global_colors_info=&#8221;{}&#8221;][et_pb_column type=&#8221;1_2&#8243; _builder_version=&#8221;4.20.4&#8243; _module_preset=&#8221;default&#8221; global_colors_info=&#8221;{}&#8221;][et_pb_text module_id=&#8221;contact-cta&#8221; _builder_version=&#8221;4.20.4&#8243; _module_preset=&#8221;default&#8221; text_text_color=&#8221;#FFFFFF&#8221; header_text_color=&#8221;#FFFFFF&#8221; background_enable_color=&#8221;off&#8221; custom_padding=&#8221;||20px||false|false&#8221; global_colors_info=&#8221;{}&#8221;]<\/p>\n<h1><strong>Da li vam je potrebna pravna podr\u0161ka?<\/strong><strong><\/strong><\/h1>\n<p><strong><\/strong><\/p>\n<p><span style=\"font-weight: 400;\">Pozovite nas, po\u0161aljite nam e-mail ili popunite kontakt formu, a na\u0161 tim \u0107e vam se javiti u najkra\u0107em mogu\u0107em roku.<\/span><strong><\/strong><\/p>\n<p><span style=\"font-weight: 400;\">Pa\u017eljivo \u0107emo razmotriti va\u0161e potrebe, ponuditi adekvatna pravna re\u0161enja i pomo\u0107i vam da uspostavite optimalni pravni put za sigurno i odr\u017eivo poslovanje.<\/span><\/p>\n<p>[\/et_pb_text][et_pb_code _builder_version=&#8221;4.20.4&#8243; _module_preset=&#8221;default&#8221; global_colors_info=&#8221;{}&#8221;]<\/p>\n<div class=\"contact-item phone-item\"><!-- [et_pb_line_break_holder] -->  <span class=\"icon phone\"><\/span><!-- [et_pb_line_break_holder] -->  <span class=\"text\">+381 64 981 25 99<\/span><!-- [et_pb_line_break_holder] --><\/div>\n<p><!-- [et_pb_line_break_holder] --><!-- [et_pb_line_break_holder] --><\/p>\n<div class=\"contact-item\"><!-- [et_pb_line_break_holder] -->  <span class=\"icon email\"><\/span><!-- [et_pb_line_break_holder] -->  <span class=\"text\">contact@ostlaw.rs<\/span><!-- [et_pb_line_break_holder] --><\/div>\n<p><!-- [et_pb_line_break_holder] --><!-- [et_pb_line_break_holder] --><\/p>\n<div class=\"contact-item\"><!-- [et_pb_line_break_holder] -->  <span class=\"icon location\"><\/span><!-- [et_pb_line_break_holder] -->  <span class=\"text\"><!-- [et_pb_line_break_holder] -->    Milutina Milankovi\u0107a 1i<\/br><!-- [et_pb_line_break_holder] -->\t\t11070 Beograd, Srbija<!-- [et_pb_line_break_holder] -->  <\/span><!-- [et_pb_line_break_holder] --><\/div>\n<p>[\/et_pb_code][et_pb_code _builder_version=&#8221;4.20.4&#8243; _module_preset=&#8221;default&#8221; hover_enabled=&#8221;0&#8243; global_colors_info=&#8221;{}&#8221; sticky_enabled=&#8221;0&#8243;]<iframe src=\"https:\/\/www.google.com\/maps\/embed?pb=!1m18!1m12!1m3!1d2830.7481715182994!2d20.42286844047547!3d44.80632058426333!2m3!1f0!2f0!3f0!3m2!1i1024!2i768!4f13.1!3m3!1m2!1s0x475a6f00652bfe51%3A0xa60d2425c4545336!2sOstlaw%20-%20Legal%20Boutique!5e0!3m2!1sen!2srs!4v1774700524163!5m2!1sen!2srs\" width=\"600\" height=\"300\" style=\"border:0;\" allowfullscreen=\"\" loading=\"lazy\" referrerpolicy=\"no-referrer-when-downgrade\"><\/iframe>[\/et_pb_code][\/et_pb_column][et_pb_column type=&#8221;1_2&#8243; _builder_version=&#8221;4.20.4&#8243; _module_preset=&#8221;default&#8221; global_colors_info=&#8221;{}&#8221;][et_pb_contact_form captcha=&#8221;off&#8221; email=&#8221;testiranjeforme@ostlaw.rs&#8221; title=&#8221;ZAKA\u017dITE KONSULTACIJE&#8221; custom_message=&#8221;Ime i prezime &#8211; %%NameSurname%%||et_pb_line_break_holder||E-mail adresa &#8211; %%Email%%||et_pb_line_break_holder||Broj telefona &#8211; %%Phone%%||et_pb_line_break_holder||Poruka korisnika &#8211; %%Message%%&#8221; submit_button_text=&#8221;PO\u0160ALJI&#8221; _builder_version=&#8221;4.20.4&#8243; _module_preset=&#8221;default&#8221; _unique_id=&#8221;05d756e2-f4d8-42b1-8dd6-65b125af1520&#8243; form_field_custom_padding=&#8221;|||0px|false|false&#8221; title_text_color=&#8221;#FFFFFF&#8221; background_color=&#8221;#1b4a7c&#8221; custom_button=&#8221;on&#8221; button_text_color=&#8221;#1b4a7c&#8221; button_bg_color=&#8221;#FFFFFF&#8221; button_custom_margin=&#8221;20px|55px|20px||false|false&#8221; button_custom_margin_tablet=&#8221;20px|55px|20px||false|false&#8221; button_custom_margin_phone=&#8221;|55px|||false|false&#8221; button_custom_margin_last_edited=&#8221;on|phone&#8221; button_custom_padding=&#8221;|160px||160px|false|false&#8221; button_custom_padding_tablet=&#8221;|149px||149px|false|false&#8221; button_custom_padding_phone=&#8221;|64px||64px|false|false&#8221; button_custom_padding_last_edited=&#8221;on|phone&#8221; text_orientation=&#8221;left&#8221; custom_margin=&#8221;100px||||false|false&#8221; custom_padding=&#8221;30px|||60px|false|false&#8221; custom_padding_tablet=&#8221;30px|||60px|false|false&#8221; custom_padding_phone=&#8221;|||40px|false|false&#8221; custom_padding_last_edited=&#8221;on|phone&#8221; global_colors_info=&#8221;{}&#8221;][et_pb_contact_field field_id=&#8221;NameSurname&#8221; field_title=&#8221;Ime i prezime&#8221; fullwidth_field=&#8221;on&#8221; _builder_version=&#8221;4.20.4&#8243; form_field_background_color=&#8221;RGBA(255,255,255,0)&#8221; form_field_text_color=&#8221;#a6a6a6&#8243; form_field_text_align=&#8221;left&#8221; text_orientation=&#8221;right&#8221; height=&#8221;10px&#8221; custom_padding=&#8221;|60px|||false|false&#8221; border_width_bottom=&#8221;1px&#8221; border_color_bottom=&#8221;#FFFFFF&#8221; global_colors_info=&#8221;{}&#8221; button_text_size__hover_enabled=&#8221;off&#8221; button_one_text_size__hover_enabled=&#8221;off&#8221; button_two_text_size__hover_enabled=&#8221;off&#8221; button_text_color__hover_enabled=&#8221;off&#8221; button_one_text_color__hover_enabled=&#8221;off&#8221; button_two_text_color__hover_enabled=&#8221;off&#8221; button_border_width__hover_enabled=&#8221;off&#8221; button_one_border_width__hover_enabled=&#8221;off&#8221; button_two_border_width__hover_enabled=&#8221;off&#8221; button_border_color__hover_enabled=&#8221;off&#8221; button_one_border_color__hover_enabled=&#8221;off&#8221; button_two_border_color__hover_enabled=&#8221;off&#8221; button_border_radius__hover_enabled=&#8221;off&#8221; button_one_border_radius__hover_enabled=&#8221;off&#8221; button_two_border_radius__hover_enabled=&#8221;off&#8221; button_letter_spacing__hover_enabled=&#8221;off&#8221; button_one_letter_spacing__hover_enabled=&#8221;off&#8221; button_two_letter_spacing__hover_enabled=&#8221;off&#8221; button_bg_color__hover_enabled=&#8221;off&#8221; button_one_bg_color__hover_enabled=&#8221;off&#8221; button_two_bg_color__hover_enabled=&#8221;off&#8221;][\/et_pb_contact_field][et_pb_contact_field field_id=&#8221;Email&#8221; field_title=&#8221;E-mail&#8221; field_type=&#8221;email&#8221; fullwidth_field=&#8221;on&#8221; _builder_version=&#8221;4.20.4&#8243; form_field_background_color=&#8221;RGBA(255,255,255,0)&#8221; form_field_text_color=&#8221;#a6a6a6&#8243; form_field_text_align=&#8221;left&#8221; text_orientation=&#8221;left&#8221; height=&#8221;10px&#8221; custom_padding=&#8221;|60px|||false|false&#8221; border_width_bottom=&#8221;1px&#8221; border_color_bottom=&#8221;#FFFFFF&#8221; global_colors_info=&#8221;{}&#8221; button_text_size__hover_enabled=&#8221;off&#8221; button_one_text_size__hover_enabled=&#8221;off&#8221; button_two_text_size__hover_enabled=&#8221;off&#8221; button_text_color__hover_enabled=&#8221;off&#8221; button_one_text_color__hover_enabled=&#8221;off&#8221; button_two_text_color__hover_enabled=&#8221;off&#8221; button_border_width__hover_enabled=&#8221;off&#8221; button_one_border_width__hover_enabled=&#8221;off&#8221; button_two_border_width__hover_enabled=&#8221;off&#8221; button_border_color__hover_enabled=&#8221;off&#8221; button_one_border_color__hover_enabled=&#8221;off&#8221; button_two_border_color__hover_enabled=&#8221;off&#8221; button_border_radius__hover_enabled=&#8221;off&#8221; button_one_border_radius__hover_enabled=&#8221;off&#8221; button_two_border_radius__hover_enabled=&#8221;off&#8221; button_letter_spacing__hover_enabled=&#8221;off&#8221; button_one_letter_spacing__hover_enabled=&#8221;off&#8221; button_two_letter_spacing__hover_enabled=&#8221;off&#8221; button_bg_color__hover_enabled=&#8221;off&#8221; button_one_bg_color__hover_enabled=&#8221;off&#8221; button_two_bg_color__hover_enabled=&#8221;off&#8221;][\/et_pb_contact_field][et_pb_contact_field field_id=&#8221;Phone&#8221; field_title=&#8221;Broj telefona&#8221; fullwidth_field=&#8221;on&#8221; _builder_version=&#8221;4.20.4&#8243; form_field_background_color=&#8221;RGBA(255,255,255,0)&#8221; form_field_text_color=&#8221;#a6a6a6&#8243; form_field_text_align=&#8221;left&#8221; text_orientation=&#8221;right&#8221; height=&#8221;10px&#8221; custom_padding=&#8221;|60px|||false|false&#8221; border_width_bottom=&#8221;1px&#8221; border_color_bottom=&#8221;#FFFFFF&#8221; global_colors_info=&#8221;{}&#8221; button_text_size__hover_enabled=&#8221;off&#8221; button_one_text_size__hover_enabled=&#8221;off&#8221; button_two_text_size__hover_enabled=&#8221;off&#8221; button_text_color__hover_enabled=&#8221;off&#8221; button_one_text_color__hover_enabled=&#8221;off&#8221; button_two_text_color__hover_enabled=&#8221;off&#8221; button_border_width__hover_enabled=&#8221;off&#8221; button_one_border_width__hover_enabled=&#8221;off&#8221; button_two_border_width__hover_enabled=&#8221;off&#8221; button_border_color__hover_enabled=&#8221;off&#8221; button_one_border_color__hover_enabled=&#8221;off&#8221; button_two_border_color__hover_enabled=&#8221;off&#8221; button_border_radius__hover_enabled=&#8221;off&#8221; button_one_border_radius__hover_enabled=&#8221;off&#8221; button_two_border_radius__hover_enabled=&#8221;off&#8221; button_letter_spacing__hover_enabled=&#8221;off&#8221; button_one_letter_spacing__hover_enabled=&#8221;off&#8221; button_two_letter_spacing__hover_enabled=&#8221;off&#8221; button_bg_color__hover_enabled=&#8221;off&#8221; button_one_bg_color__hover_enabled=&#8221;off&#8221; button_two_bg_color__hover_enabled=&#8221;off&#8221;][\/et_pb_contact_field][et_pb_contact_field field_id=&#8221;Message&#8221; field_title=&#8221;Poruka&#8221; field_type=&#8221;text&#8221; fullwidth_field=&#8221;on&#8221; _builder_version=&#8221;4.20.4&#8243; form_field_background_color=&#8221;RGBA(255,255,255,0)&#8221; form_field_text_color=&#8221;#a6a6a6&#8243; form_field_text_align=&#8221;left&#8221; text_orientation=&#8221;right&#8221; height=&#8221;10px&#8221; custom_padding=&#8221;|60px|||false|false&#8221; border_color_all=&#8221;#FFFFFF&#8221; border_width_bottom=&#8221;1px&#8221; global_colors_info=&#8221;{}&#8221; button_text_size__hover_enabled=&#8221;off&#8221; button_one_text_size__hover_enabled=&#8221;off&#8221; button_two_text_size__hover_enabled=&#8221;off&#8221; button_text_color__hover_enabled=&#8221;off&#8221; button_one_text_color__hover_enabled=&#8221;off&#8221; button_two_text_color__hover_enabled=&#8221;off&#8221; button_border_width__hover_enabled=&#8221;off&#8221; button_one_border_width__hover_enabled=&#8221;off&#8221; button_two_border_width__hover_enabled=&#8221;off&#8221; button_border_color__hover_enabled=&#8221;off&#8221; button_one_border_color__hover_enabled=&#8221;off&#8221; button_two_border_color__hover_enabled=&#8221;off&#8221; button_border_radius__hover_enabled=&#8221;off&#8221; button_one_border_radius__hover_enabled=&#8221;off&#8221; button_two_border_radius__hover_enabled=&#8221;off&#8221; button_letter_spacing__hover_enabled=&#8221;off&#8221; button_one_letter_spacing__hover_enabled=&#8221;off&#8221; button_two_letter_spacing__hover_enabled=&#8221;off&#8221; button_bg_color__hover_enabled=&#8221;off&#8221; button_one_bg_color__hover_enabled=&#8221;off&#8221; button_two_bg_color__hover_enabled=&#8221;off&#8221;][\/et_pb_contact_field][\/et_pb_contact_form][\/et_pb_column][\/et_pb_row][\/et_pb_section]<\/p>\n","protected":false},"excerpt":{"rendered":"<p>Kristina Stepanovi\u0107 je advokatski pripravnik u advokatskoj kancelariji Ost&amp;Lav. U okviru dosada\u0161njeg rada u kancelariji bavila se predmetima iz oblasti privrednog i gra\u0111anskog prava, uklju\u010duju\u0107i izradu i analizu ugovora i transakcija, pripremu podnesaka i druge prate\u0107e pravne dokumentacije, kao i aktivnosti vezane za zastupanje klijenata i prisustvo na sudskim ro\u010di\u0161tima.U svakodnevnom radu upoznala se sa [&hellip;]<\/p>\n","protected":false},"author":1,"featured_media":0,"parent":0,"menu_order":0,"comment_status":"closed","ping_status":"closed","template":"","meta":{"_et_pb_use_builder":"on","_et_pb_old_content":"<!-- wp:divi\/placeholder \/-->","_et_gb_content_width":"","footnotes":""},"class_list":["post-767","page","type-page","status-publish","hentry"],"yoast_head":"<!-- This site is optimized with the Yoast SEO plugin v23.1 - https:\/\/yoast.com\/wordpress\/plugins\/seo\/ -->\n<title>KRISTINA STEPANOVI\u0106 - Ostlaw<\/title>\n<meta name=\"robots\" content=\"index, follow, max-snippet:-1, max-image-preview:large, max-video-preview:-1\" \/>\n<link rel=\"canonical\" href=\"https:\/\/ostlaw.rs\/index.php\/kristina-single-page\/\" \/>\n<meta property=\"og:locale\" content=\"en_US\" \/>\n<meta property=\"og:type\" content=\"article\" \/>\n<meta property=\"og:title\" content=\"KRISTINA STEPANOVI\u0106 - Ostlaw\" \/>\n<meta property=\"og:description\" content=\"Kristina Stepanovi\u0107 je advokatski pripravnik u advokatskoj kancelariji Ost&amp;Lav. U okviru dosada\u0161njeg rada u kancelariji bavila se predmetima iz oblasti privrednog i gra\u0111anskog prava, uklju\u010duju\u0107i izradu i analizu ugovora i transakcija, pripremu podnesaka i druge prate\u0107e pravne dokumentacije, kao i aktivnosti vezane za zastupanje klijenata i prisustvo na sudskim ro\u010di\u0161tima.U svakodnevnom radu upoznala se sa [&hellip;]\" \/>\n<meta property=\"og:url\" content=\"https:\/\/ostlaw.rs\/index.php\/kristina-single-page\/\" \/>\n<meta property=\"og:site_name\" content=\"Ostlaw\" \/>\n<meta property=\"article:modified_time\" content=\"2026-03-28T12:24:43+00:00\" \/>\n<meta name=\"twitter:card\" content=\"summary_large_image\" \/>\n<meta name=\"twitter:label1\" content=\"Est. reading time\" \/>\n\t<meta name=\"twitter:data1\" content=\"1 minute\" \/>\n<script type=\"application\/ld+json\" class=\"yoast-schema-graph\">{\"@context\":\"https:\/\/schema.org\",\"@graph\":[{\"@type\":\"WebPage\",\"@id\":\"https:\/\/ostlaw.rs\/index.php\/kristina-single-page\/\",\"url\":\"https:\/\/ostlaw.rs\/index.php\/kristina-single-page\/\",\"name\":\"KRISTINA STEPANOVI\u0106 - Ostlaw\",\"isPartOf\":{\"@id\":\"https:\/\/ostlaw.rs\/#website\"},\"datePublished\":\"2026-02-07T15:47:07+00:00\",\"dateModified\":\"2026-03-28T12:24:43+00:00\",\"breadcrumb\":{\"@id\":\"https:\/\/ostlaw.rs\/index.php\/kristina-single-page\/#breadcrumb\"},\"inLanguage\":\"en-US\",\"potentialAction\":[{\"@type\":\"ReadAction\",\"target\":[\"https:\/\/ostlaw.rs\/index.php\/kristina-single-page\/\"]}]},{\"@type\":\"BreadcrumbList\",\"@id\":\"https:\/\/ostlaw.rs\/index.php\/kristina-single-page\/#breadcrumb\",\"itemListElement\":[{\"@type\":\"ListItem\",\"position\":1,\"name\":\"Home\",\"item\":\"https:\/\/ostlaw.rs\/\"},{\"@type\":\"ListItem\",\"position\":2,\"name\":\"KRISTINA STEPANOVI\u0106\"}]},{\"@type\":\"WebSite\",\"@id\":\"https:\/\/ostlaw.rs\/#website\",\"url\":\"https:\/\/ostlaw.rs\/\",\"name\":\"Ostlaw\",\"description\":\"Leqal Synergy\",\"publisher\":{\"@id\":\"https:\/\/ostlaw.rs\/#organization\"},\"potentialAction\":[{\"@type\":\"SearchAction\",\"target\":{\"@type\":\"EntryPoint\",\"urlTemplate\":\"https:\/\/ostlaw.rs\/?s={search_term_string}\"},\"query-input\":\"required name=search_term_string\"}],\"inLanguage\":\"en-US\"},{\"@type\":\"Organization\",\"@id\":\"https:\/\/ostlaw.rs\/#organization\",\"name\":\"Ostlaw\",\"url\":\"https:\/\/ostlaw.rs\/\",\"logo\":{\"@type\":\"ImageObject\",\"inLanguage\":\"en-US\",\"@id\":\"https:\/\/ostlaw.rs\/#\/schema\/logo\/image\/\",\"url\":\"https:\/\/ostlaw.rs\/wp-content\/uploads\/2024\/06\/Screenshot-2024-06-03-at-10.28.58.png\",\"contentUrl\":\"https:\/\/ostlaw.rs\/wp-content\/uploads\/2024\/06\/Screenshot-2024-06-03-at-10.28.58.png\",\"width\":754,\"height\":1142,\"caption\":\"Ostlaw\"},\"image\":{\"@id\":\"https:\/\/ostlaw.rs\/#\/schema\/logo\/image\/\"}}]}<\/script>\n<!-- \/ Yoast SEO plugin. -->","yoast_head_json":{"title":"KRISTINA STEPANOVI\u0106 - Ostlaw","robots":{"index":"index","follow":"follow","max-snippet":"max-snippet:-1","max-image-preview":"max-image-preview:large","max-video-preview":"max-video-preview:-1"},"canonical":"https:\/\/ostlaw.rs\/index.php\/kristina-single-page\/","og_locale":"en_US","og_type":"article","og_title":"KRISTINA STEPANOVI\u0106 - Ostlaw","og_description":"Kristina Stepanovi\u0107 je advokatski pripravnik u advokatskoj kancelariji Ost&amp;Lav. U okviru dosada\u0161njeg rada u kancelariji bavila se predmetima iz oblasti privrednog i gra\u0111anskog prava, uklju\u010duju\u0107i izradu i analizu ugovora i transakcija, pripremu podnesaka i druge prate\u0107e pravne dokumentacije, kao i aktivnosti vezane za zastupanje klijenata i prisustvo na sudskim ro\u010di\u0161tima.U svakodnevnom radu upoznala se sa [&hellip;]","og_url":"https:\/\/ostlaw.rs\/index.php\/kristina-single-page\/","og_site_name":"Ostlaw","article_modified_time":"2026-03-28T12:24:43+00:00","twitter_card":"summary_large_image","twitter_misc":{"Est. reading time":"1 minute"},"schema":{"@context":"https:\/\/schema.org","@graph":[{"@type":"WebPage","@id":"https:\/\/ostlaw.rs\/index.php\/kristina-single-page\/","url":"https:\/\/ostlaw.rs\/index.php\/kristina-single-page\/","name":"KRISTINA STEPANOVI\u0106 - Ostlaw","isPartOf":{"@id":"https:\/\/ostlaw.rs\/#website"},"datePublished":"2026-02-07T15:47:07+00:00","dateModified":"2026-03-28T12:24:43+00:00","breadcrumb":{"@id":"https:\/\/ostlaw.rs\/index.php\/kristina-single-page\/#breadcrumb"},"inLanguage":"en-US","potentialAction":[{"@type":"ReadAction","target":["https:\/\/ostlaw.rs\/index.php\/kristina-single-page\/"]}]},{"@type":"BreadcrumbList","@id":"https:\/\/ostlaw.rs\/index.php\/kristina-single-page\/#breadcrumb","itemListElement":[{"@type":"ListItem","position":1,"name":"Home","item":"https:\/\/ostlaw.rs\/"},{"@type":"ListItem","position":2,"name":"KRISTINA STEPANOVI\u0106"}]},{"@type":"WebSite","@id":"https:\/\/ostlaw.rs\/#website","url":"https:\/\/ostlaw.rs\/","name":"Ostlaw","description":"Leqal Synergy","publisher":{"@id":"https:\/\/ostlaw.rs\/#organization"},"potentialAction":[{"@type":"SearchAction","target":{"@type":"EntryPoint","urlTemplate":"https:\/\/ostlaw.rs\/?s={search_term_string}"},"query-input":"required name=search_term_string"}],"inLanguage":"en-US"},{"@type":"Organization","@id":"https:\/\/ostlaw.rs\/#organization","name":"Ostlaw","url":"https:\/\/ostlaw.rs\/","logo":{"@type":"ImageObject","inLanguage":"en-US","@id":"https:\/\/ostlaw.rs\/#\/schema\/logo\/image\/","url":"https:\/\/ostlaw.rs\/wp-content\/uploads\/2024\/06\/Screenshot-2024-06-03-at-10.28.58.png","contentUrl":"https:\/\/ostlaw.rs\/wp-content\/uploads\/2024\/06\/Screenshot-2024-06-03-at-10.28.58.png","width":754,"height":1142,"caption":"Ostlaw"},"image":{"@id":"https:\/\/ostlaw.rs\/#\/schema\/logo\/image\/"}}]}},"_links":{"self":[{"href":"https:\/\/ostlaw.rs\/index.php\/wp-json\/wp\/v2\/pages\/767","targetHints":{"allow":["GET"]}}],"collection":[{"href":"https:\/\/ostlaw.rs\/index.php\/wp-json\/wp\/v2\/pages"}],"about":[{"href":"https:\/\/ostlaw.rs\/index.php\/wp-json\/wp\/v2\/types\/page"}],"author":[{"embeddable":true,"href":"https:\/\/ostlaw.rs\/index.php\/wp-json\/wp\/v2\/users\/1"}],"replies":[{"embeddable":true,"href":"https:\/\/ostlaw.rs\/index.php\/wp-json\/wp\/v2\/comments?post=767"}],"version-history":[{"count":14,"href":"https:\/\/ostlaw.rs\/index.php\/wp-json\/wp\/v2\/pages\/767\/revisions"}],"predecessor-version":[{"id":1184,"href":"https:\/\/ostlaw.rs\/index.php\/wp-json\/wp\/v2\/pages\/767\/revisions\/1184"}],"wp:attachment":[{"href":"https:\/\/ostlaw.rs\/index.php\/wp-json\/wp\/v2\/media?parent=767"}],"curies":[{"name":"wp","href":"https:\/\/api.w.org\/{rel}","templated":true}]}}